{"id":4530,"date":"2026-05-11T09:01:25","date_gmt":"2026-05-11T09:01:25","guid":{"rendered":"https:\/\/www.soziale-gerechtigkeit-bocholt.de\/?page_id=4530"},"modified":"2026-05-11T15:42:36","modified_gmt":"2026-05-11T15:42:36","slug":"bezahlbares-wohnen","status":"publish","type":"page","link":"https:\/\/www.soziale-gerechtigkeit-bocholt.de\/?page_id=4530","title":{"rendered":"Bezahlbares Wohnen"},"content":{"rendered":"<div class=\"fcbkbttn_buttons_block\" id=\"fcbkbttn_left\"><div class=\"fcbkbttn_button\">\n\t\t\t\t\t<a href=\"https:\/\/www.facebook.com\/\" target=\"_blank\">\n\t\t\t\t\t\t<img decoding=\"async\" src=\"https:\/\/www.soziale-gerechtigkeit-bocholt.de\/wp-content\/plugins\/facebook-button-plugin\/images\/standard-facebook-ico.png\" alt=\"Fb-Button\" \/>\n\t\t\t\t\t<\/a>\n\t\t\t\t<\/div><div class=\"fcbkbttn_like \"><fb:like href=\"https:\/\/www.soziale-gerechtigkeit-bocholt.de\/?page_id=4530\" action=\"like\" colorscheme=\"light\" layout=\"standard\"  width=\"225px\" size=\"small\"><\/fb:like><\/div><\/div><p><strong>JETZT UNTERSCHREIBEN:<\/strong><\/p>\n<p class=\"dk-speakout-greeting\"><strong>Bezahlbaren Wohnraum schaffen und sichern &#8211; Bocholt f\u00fcr alle!<\/strong><\/p>\n<div id=\"attachment_4559\" style=\"width: 310px\" class=\"wp-caption alignright\"><a href=\"https:\/\/www.soziale-gerechtigkeit-bocholt.de\/?attachment_id=4559\" rel=\"attachment wp-att-4559\"><img loading=\"lazy\" decoding=\"async\" aria-describedby=\"caption-attachment-4559\" class=\"size-medium wp-image-4559\" src=\"https:\/\/www.soziale-gerechtigkeit-bocholt.de\/wp-content\/uploads\/2026\/05\/IMG_3856-300x181.jpeg\" alt=\"\" width=\"300\" height=\"181\" srcset=\"https:\/\/www.soziale-gerechtigkeit-bocholt.de\/wp-content\/uploads\/2026\/05\/IMG_3856-300x181.jpeg 300w, https:\/\/www.soziale-gerechtigkeit-bocholt.de\/wp-content\/uploads\/2026\/05\/IMG_3856-1024x617.jpeg 1024w, https:\/\/www.soziale-gerechtigkeit-bocholt.de\/wp-content\/uploads\/2026\/05\/IMG_3856-768x463.jpeg 768w, https:\/\/www.soziale-gerechtigkeit-bocholt.de\/wp-content\/uploads\/2026\/05\/IMG_3856-1536x926.jpeg 1536w, https:\/\/www.soziale-gerechtigkeit-bocholt.de\/wp-content\/uploads\/2026\/05\/IMG_3856.jpeg 1592w\" sizes=\"auto, (max-width: 300px) 100vw, 300px\" \/><\/a><p id=\"caption-attachment-4559\" class=\"wp-caption-text\">Vor Ort bei Edeka Fericks an der Moltkestra\u00dfe.<\/p><\/div>\n<p>Mit Ihrer Unterschrift setzen Sie ein Zeichen f\u00fcr:<\/p>\n<ul>\n<li>faire und bezahlbare Mieten,<\/li>\n<li>mehr sozialen Wohnungsbau,<\/li>\n<li>Schutz vor spekulativem Leerstand,<\/li>\n<li>und eine soziale Wohnungspolitik in Bocholt.<\/li>\n<\/ul>\n<p>Hier kann der B\u00fcrgerantrag eingesehen werden:<\/p>\n<p><a href=\"https:\/\/www.soziale-gerechtigkeit-bocholt.de\/?attachment_id=4529\" rel=\"attachment wp-att-4529\">B\u00fcrgerantrag_Bezahlbarer_Wohnraum_12032026_03032026<\/a><\/p>\n<p>Der B\u00fcrgerantrag wird an den B\u00fcrgermeister und den Rat der Stadt Bocholt \u00fcbergeben.<\/p>\n<p>Gemeinsam k\u00f6nnen wir erreichen, dass Wohnen in Bocholt f\u00fcr Familien, Rentner:innen, Auszubildende und Besch\u00e4ftigte bezahlbar bleibt.<\/p>\n<p>&#8222;Sign now&#8220; bedeutet: Jetzt unterschreiben!<\/p>\n<p>\n\t<!-- SpeakOut! Email Petitions 4.6.5.1 :  -->\n\t\t<div id=\"dk-speakout-windowshade\"><\/div>\n\t<div class=\"dk-speakout-petition-wrap dk-speakout-petition-id-4\" id=\"dk-speakout-petition-4\" >\n\t\t<h3>Mit meiner Unterschrift unterst\u00fctze ich den B\u00fcrgerantrag: Bezahlbaren Wohnraum schaffen und sichern - Bocholt f\u00fcr alle!<\/h3>\n\n\t\t\n\t\t<div id=\"dk-speakout-form-wrap\">\n\t\t\t<form class=\"dk-speakout-petition\">\n\t\t\t\t<input type=\"hidden\" id=\"security\" name=\"security\" value=\"4f418254e4\" \/><input type=\"hidden\" name=\"_wp_http_referer\" value=\"\/index.php?rest_route=%2Fwp%2Fv2%2Fpages%2F4530\" \/>\t\t\t\t<input type=\"hidden\" id=\"dk-speakout-posttitle-4\" value=\"Mit meiner Unterschrift unterst\u00fctze ich den B\u00fcrgerantrag: Bezahlbaren Wohnraum schaffen und sichern - Bocholt f\u00fcr alle!\" \/>\n\t\t\t\t<input type=\"hidden\" id=\"dk-speakout-tweet-4\" value=\"\" \/>\n\t\t\t\t<input type=\"hidden\" id=\"dk-speakout-lang-4\" value=\"\" \/>\n\t\t\t\t<input type=\"hidden\" id=\"dk-speakout-textval-4\" value=\"val\" \/>\n\t\t\t\t<input type=\"hidden\" id=\"dk-speakout-petition-fade-4\" value=\"false\" \/>\n\t\t\t\t<input type=\"hidden\" id=\"dk-speakout-requires_confirmation-4\" value=\"0\" \/>\n\t\t\t\t<input type=\"hidden\" id=\"dk-speakout-hide-email-field-4\" value=\"1\" \/>\n\n\t\t\t\t\n\t\t\t\t\t\t\t\t\n\t\t\t\t\n\t\t\t\t<div class=\"dk-speakout-full\">\n\t\t\t\t\t<input autocomplete=\"given-name\" name=\"dk-speakout-first-name\" id=\"dk-speakout-first-name-4\" type=\"text\" placeholder=\"Vorname\" required=\"required\"  \/>\n\t\t\t\t<\/div>\n\t\t\t\t\n\t\t\t\t<div class=\"dk-speakout-full\">\n\t\t\t\t\t<input autocomplete=\"family-name\" name=\"dk-speakout-last-name\" id=\"dk-speakout-last-name-4\" type=\"text\" placeholder=\"Nachname\" required=\"required\"  \/>\n\t\t\t\t<\/div>\n\n\t\t\t\t\n\t\t\t\t\n\t\t\t\t\t\t\t\t\t<div class=\"dk-speakout-full\">\n\t\t\t\t\t\t<input  autocomplete=\"address-line1\" name=\"dk-speakout-street\" id=\"dk-speakout-street-4\" maxlength=\"200\" type=\"text\"  placeholder=\"Stra\u00dfe\"  required='required'  \/>\n\t\t\t\t\t<\/div>\n\t\t\t\t\t\t\t\t<div>\n\n\t\t\t\t\t\t\t\t\t<div class=\"dk-speakout-half\">\n\t\t\t\t\t\t<input  autocomplete=\"postal-code\" name=\"dk-speakout-postcode\" id=\"dk-speakout-postcode-4\" maxlength=\"200\" type=\"text\"  placeholder=\"Postleitzahl\"  required=\"required\" \/>\n\t\t\t\t\t<\/div>\n\t\t\t\t\n\t\t\t\t\t\t\t\t\t<div class=\"dk-speakout-half\">\n\t\t\t\t\t\t<input  autocomplete=\"address-level2\" name=\"dk-speakout-city\" id=\"dk-speakout-city-4\" maxlength=\"200\" type=\"text\" placeholder=\"Stadt\"  required=\"required\"  \/>\n\t\t\t\t\t<\/div>\n\t\t\t\t\n\t\t\t\t\n\t\t\t\t\n\t\t\t\t\n\t\t\t\t\n\t\t\t\t<\/div>\n\n\t\t\t\t\n\t\t\t\t\n\t\t\t\t\n\t\t\t\t\n\t\t\t\t\n\t\t\t\t\n\t\t\t\t\n\t\t\t\t<div class=\"dk-speakout-submit-wrap\">\n\t\t\t\t\t<div id=\"dk-speakout-ajaxloader-4\" class=\"dk-speakout-ajaxloader\" style=\"visibility: hidden;\">&nbsp;<\/div>\n\t\t\t\t\t<button name=\"4\" class=\"dk-speakout-submit\">Sign Now<\/button>\n\t\t\t\t<\/div>\n\t\t\t<\/form>\n\t\t<\/div>\n\t\t<div class=\"dk-speakout-response\"><\/div>\n\n\t\t\n\t\t\t<\/div>\n\n &#8211; Petition anzeigen<br \/>\n<span class='signatureCount'>21<\/span> &#8211; Anzahl an Unterschriften anzeigen<\/p>\n<p>Bitte teilen Sie den B\u00fcrgerantrag mit Freunden und Bekannten.<\/p>\n<p>&nbsp;<\/p>\n<p>&nbsp;<\/p>\n","protected":false},"excerpt":{"rendered":"<p>JETZT UNTERSCHREIBEN: Bezahlbaren Wohnraum schaffen und sichern &ndash; Bocholt f&uuml;r alle! Mit Ihrer Unterschrift setzen Sie ein Zeichen f&uuml;r: faire und bezahlbare Mieten, mehr sozialen Wohnungsbau, Schutz vor spekulativem Leerstand, und eine soziale Wohnungspolitik in Bocholt. Hier kann der B&uuml;rgerantrag &hellip; <a href=\"https:\/\/www.soziale-gerechtigkeit-bocholt.de\/?page_id=4530\">Weiterlesen <span class=\"meta-nav\">&rarr;<\/span><\/a><\/p>\n","protected":false},"author":1,"featured_media":0,"parent":0,"menu_order":0,"comment_status":"closed","ping_status":"closed","template":"","meta":{"_pdfdraft_pdf_template_id":0,"_pdfdraft_pdf_button_visibility":"global","footnotes":""},"class_list":["post-4530","page","type-page","status-publish","hentry"],"yoast_head":"<!-- This site is optimized with the Yoast SEO plugin v27.6 - https:\/\/yoast.com\/product\/yoast-seo-wordpress\/ -->\n<title>Bezahlbares Wohnen - Soziale Liste Bocholt<\/title>\n<meta name=\"robots\" content=\"index, follow, max-snippet:-1, max-image-preview:large, max-video-preview:-1\" \/>\n<link rel=\"canonical\" href=\"https:\/\/www.soziale-gerechtigkeit-bocholt.de\/?page_id=4530\" \/>\n<meta property=\"og:locale\" content=\"de_DE\" \/>\n<meta property=\"og:type\" content=\"article\" \/>\n<meta property=\"og:title\" content=\"Bezahlbares Wohnen - Soziale Liste Bocholt\" \/>\n<meta property=\"og:description\" content=\"JETZT UNTERSCHREIBEN: Bezahlbaren Wohnraum schaffen und sichern &ndash; Bocholt f&uuml;r alle! Mit Ihrer Unterschrift setzen Sie ein Zeichen f&uuml;r: faire und bezahlbare Mieten, mehr sozialen Wohnungsbau, Schutz vor spekulativem Leerstand, und eine soziale Wohnungspolitik in Bocholt. Hier kann der B&uuml;rgerantrag &hellip; Weiterlesen &rarr;\" \/>\n<meta property=\"og:url\" content=\"https:\/\/www.soziale-gerechtigkeit-bocholt.de\/?page_id=4530\" \/>\n<meta property=\"og:site_name\" content=\"Soziale Liste Bocholt\" \/>\n<meta property=\"article:publisher\" content=\"https:\/\/www.facebook.com\/SozialeListeBocholt\/\" \/>\n<meta property=\"article:modified_time\" content=\"2026-05-11T15:42:36+00:00\" \/>\n<meta property=\"og:image\" content=\"https:\/\/www.soziale-gerechtigkeit-bocholt.de\/wp-content\/uploads\/2026\/05\/IMG_3856.jpeg\" \/>\n\t<meta property=\"og:image:width\" content=\"1592\" \/>\n\t<meta property=\"og:image:height\" content=\"960\" \/>\n\t<meta property=\"og:image:type\" content=\"image\/jpeg\" \/>\n<meta name=\"twitter:card\" content=\"summary_large_image\" \/>\n<meta name=\"twitter:label1\" content=\"Gesch\u00e4tzte Lesezeit\" \/>\n\t<meta name=\"twitter:data1\" content=\"1\u00a0Minute\" \/>\n<script type=\"application\/ld+json\" class=\"yoast-schema-graph\">{\"@context\":\"https:\\\/\\\/schema.org\",\"@graph\":[{\"@type\":\"WebPage\",\"@id\":\"https:\\\/\\\/www.soziale-gerechtigkeit-bocholt.de\\\/?page_id=4530\",\"url\":\"https:\\\/\\\/www.soziale-gerechtigkeit-bocholt.de\\\/?page_id=4530\",\"name\":\"Bezahlbares Wohnen - Soziale Liste Bocholt\",\"isPartOf\":{\"@id\":\"https:\\\/\\\/www.soziale-gerechtigkeit-bocholt.de\\\/#website\"},\"primaryImageOfPage\":{\"@id\":\"https:\\\/\\\/www.soziale-gerechtigkeit-bocholt.de\\\/?page_id=4530#primaryimage\"},\"image\":{\"@id\":\"https:\\\/\\\/www.soziale-gerechtigkeit-bocholt.de\\\/?page_id=4530#primaryimage\"},\"thumbnailUrl\":\"https:\\\/\\\/www.soziale-gerechtigkeit-bocholt.de\\\/wp-content\\\/uploads\\\/2026\\\/05\\\/IMG_3856-300x181.jpeg\",\"datePublished\":\"2026-05-11T09:01:25+00:00\",\"dateModified\":\"2026-05-11T15:42:36+00:00\",\"breadcrumb\":{\"@id\":\"https:\\\/\\\/www.soziale-gerechtigkeit-bocholt.de\\\/?page_id=4530#breadcrumb\"},\"inLanguage\":\"de\",\"potentialAction\":[{\"@type\":\"ReadAction\",\"target\":[\"https:\\\/\\\/www.soziale-gerechtigkeit-bocholt.de\\\/?page_id=4530\"]}]},{\"@type\":\"ImageObject\",\"inLanguage\":\"de\",\"@id\":\"https:\\\/\\\/www.soziale-gerechtigkeit-bocholt.de\\\/?page_id=4530#primaryimage\",\"url\":\"https:\\\/\\\/www.soziale-gerechtigkeit-bocholt.de\\\/wp-content\\\/uploads\\\/2026\\\/05\\\/IMG_3856.jpeg\",\"contentUrl\":\"https:\\\/\\\/www.soziale-gerechtigkeit-bocholt.de\\\/wp-content\\\/uploads\\\/2026\\\/05\\\/IMG_3856.jpeg\",\"width\":1592,\"height\":960,\"caption\":\"Screenshot\"},{\"@type\":\"BreadcrumbList\",\"@id\":\"https:\\\/\\\/www.soziale-gerechtigkeit-bocholt.de\\\/?page_id=4530#breadcrumb\",\"itemListElement\":[{\"@type\":\"ListItem\",\"position\":1,\"name\":\"Startseite\",\"item\":\"https:\\\/\\\/www.soziale-gerechtigkeit-bocholt.de\\\/\"},{\"@type\":\"ListItem\",\"position\":2,\"name\":\"Bezahlbares Wohnen\"}]},{\"@type\":\"WebSite\",\"@id\":\"https:\\\/\\\/www.soziale-gerechtigkeit-bocholt.de\\\/#website\",\"url\":\"https:\\\/\\\/www.soziale-gerechtigkeit-bocholt.de\\\/\",\"name\":\"Soziale Liste Bocholt\",\"description\":\"Unabh\u00e4ngige W\u00e4hlergemeinschaft\",\"publisher\":{\"@id\":\"https:\\\/\\\/www.soziale-gerechtigkeit-bocholt.de\\\/#organization\"},\"potentialAction\":[{\"@type\":\"SearchAction\",\"target\":{\"@type\":\"EntryPoint\",\"urlTemplate\":\"https:\\\/\\\/www.soziale-gerechtigkeit-bocholt.de\\\/?s={search_term_string}\"},\"query-input\":{\"@type\":\"PropertyValueSpecification\",\"valueRequired\":true,\"valueName\":\"search_term_string\"}}],\"inLanguage\":\"de\"},{\"@type\":\"Organization\",\"@id\":\"https:\\\/\\\/www.soziale-gerechtigkeit-bocholt.de\\\/#organization\",\"name\":\"Soziale Liste Bocholt\",\"url\":\"https:\\\/\\\/www.soziale-gerechtigkeit-bocholt.de\\\/\",\"logo\":{\"@type\":\"ImageObject\",\"inLanguage\":\"de\",\"@id\":\"https:\\\/\\\/www.soziale-gerechtigkeit-bocholt.de\\\/#\\\/schema\\\/logo\\\/image\\\/\",\"url\":\"https:\\\/\\\/www.soziale-gerechtigkeit-bocholt.de\\\/wp-content\\\/uploads\\\/2016\\\/03\\\/Logo_SozialeListeBocholt.jpg\",\"contentUrl\":\"https:\\\/\\\/www.soziale-gerechtigkeit-bocholt.de\\\/wp-content\\\/uploads\\\/2016\\\/03\\\/Logo_SozialeListeBocholt.jpg\",\"width\":1400,\"height\":1168,\"caption\":\"Soziale Liste Bocholt\"},\"image\":{\"@id\":\"https:\\\/\\\/www.soziale-gerechtigkeit-bocholt.de\\\/#\\\/schema\\\/logo\\\/image\\\/\"},\"sameAs\":[\"https:\\\/\\\/www.facebook.com\\\/SozialeListeBocholt\\\/\"]}]}<\/script>\n<!-- \/ Yoast SEO plugin. -->","yoast_head_json":{"title":"Bezahlbares Wohnen - Soziale Liste Bocholt","robots":{"index":"index","follow":"follow","max-snippet":"max-snippet:-1","max-image-preview":"max-image-preview:large","max-video-preview":"max-video-preview:-1"},"canonical":"https:\/\/www.soziale-gerechtigkeit-bocholt.de\/?page_id=4530","og_locale":"de_DE","og_type":"article","og_title":"Bezahlbares Wohnen - Soziale Liste Bocholt","og_description":"JETZT UNTERSCHREIBEN: Bezahlbaren Wohnraum schaffen und sichern &ndash; Bocholt f&uuml;r alle! Mit Ihrer Unterschrift setzen Sie ein Zeichen f&uuml;r: faire und bezahlbare Mieten, mehr sozialen Wohnungsbau, Schutz vor spekulativem Leerstand, und eine soziale Wohnungspolitik in Bocholt. Hier kann der B&uuml;rgerantrag &hellip; Weiterlesen &rarr;","og_url":"https:\/\/www.soziale-gerechtigkeit-bocholt.de\/?page_id=4530","og_site_name":"Soziale Liste Bocholt","article_publisher":"https:\/\/www.facebook.com\/SozialeListeBocholt\/","article_modified_time":"2026-05-11T15:42:36+00:00","og_image":[{"width":1592,"height":960,"url":"https:\/\/www.soziale-gerechtigkeit-bocholt.de\/wp-content\/uploads\/2026\/05\/IMG_3856.jpeg","type":"image\/jpeg"}],"twitter_card":"summary_large_image","twitter_misc":{"Gesch\u00e4tzte Lesezeit":"1\u00a0Minute"},"schema":{"@context":"https:\/\/schema.org","@graph":[{"@type":"WebPage","@id":"https:\/\/www.soziale-gerechtigkeit-bocholt.de\/?page_id=4530","url":"https:\/\/www.soziale-gerechtigkeit-bocholt.de\/?page_id=4530","name":"Bezahlbares Wohnen - Soziale Liste Bocholt","isPartOf":{"@id":"https:\/\/www.soziale-gerechtigkeit-bocholt.de\/#website"},"primaryImageOfPage":{"@id":"https:\/\/www.soziale-gerechtigkeit-bocholt.de\/?page_id=4530#primaryimage"},"image":{"@id":"https:\/\/www.soziale-gerechtigkeit-bocholt.de\/?page_id=4530#primaryimage"},"thumbnailUrl":"https:\/\/www.soziale-gerechtigkeit-bocholt.de\/wp-content\/uploads\/2026\/05\/IMG_3856-300x181.jpeg","datePublished":"2026-05-11T09:01:25+00:00","dateModified":"2026-05-11T15:42:36+00:00","breadcrumb":{"@id":"https:\/\/www.soziale-gerechtigkeit-bocholt.de\/?page_id=4530#breadcrumb"},"inLanguage":"de","potentialAction":[{"@type":"ReadAction","target":["https:\/\/www.soziale-gerechtigkeit-bocholt.de\/?page_id=4530"]}]},{"@type":"ImageObject","inLanguage":"de","@id":"https:\/\/www.soziale-gerechtigkeit-bocholt.de\/?page_id=4530#primaryimage","url":"https:\/\/www.soziale-gerechtigkeit-bocholt.de\/wp-content\/uploads\/2026\/05\/IMG_3856.jpeg","contentUrl":"https:\/\/www.soziale-gerechtigkeit-bocholt.de\/wp-content\/uploads\/2026\/05\/IMG_3856.jpeg","width":1592,"height":960,"caption":"Screenshot"},{"@type":"BreadcrumbList","@id":"https:\/\/www.soziale-gerechtigkeit-bocholt.de\/?page_id=4530#breadcrumb","itemListElement":[{"@type":"ListItem","position":1,"name":"Startseite","item":"https:\/\/www.soziale-gerechtigkeit-bocholt.de\/"},{"@type":"ListItem","position":2,"name":"Bezahlbares Wohnen"}]},{"@type":"WebSite","@id":"https:\/\/www.soziale-gerechtigkeit-bocholt.de\/#website","url":"https:\/\/www.soziale-gerechtigkeit-bocholt.de\/","name":"Soziale Liste Bocholt","description":"Unabh\u00e4ngige W\u00e4hlergemeinschaft","publisher":{"@id":"https:\/\/www.soziale-gerechtigkeit-bocholt.de\/#organization"},"potentialAction":[{"@type":"SearchAction","target":{"@type":"EntryPoint","urlTemplate":"https:\/\/www.soziale-gerechtigkeit-bocholt.de\/?s={search_term_string}"},"query-input":{"@type":"PropertyValueSpecification","valueRequired":true,"valueName":"search_term_string"}}],"inLanguage":"de"},{"@type":"Organization","@id":"https:\/\/www.soziale-gerechtigkeit-bocholt.de\/#organization","name":"Soziale Liste Bocholt","url":"https:\/\/www.soziale-gerechtigkeit-bocholt.de\/","logo":{"@type":"ImageObject","inLanguage":"de","@id":"https:\/\/www.soziale-gerechtigkeit-bocholt.de\/#\/schema\/logo\/image\/","url":"https:\/\/www.soziale-gerechtigkeit-bocholt.de\/wp-content\/uploads\/2016\/03\/Logo_SozialeListeBocholt.jpg","contentUrl":"https:\/\/www.soziale-gerechtigkeit-bocholt.de\/wp-content\/uploads\/2016\/03\/Logo_SozialeListeBocholt.jpg","width":1400,"height":1168,"caption":"Soziale Liste Bocholt"},"image":{"@id":"https:\/\/www.soziale-gerechtigkeit-bocholt.de\/#\/schema\/logo\/image\/"},"sameAs":["https:\/\/www.facebook.com\/SozialeListeBocholt\/"]}]}},"_links":{"self":[{"href":"https:\/\/www.soziale-gerechtigkeit-bocholt.de\/index.php?rest_route=\/wp\/v2\/pages\/4530","targetHints":{"allow":["GET"]}}],"collection":[{"href":"https:\/\/www.soziale-gerechtigkeit-bocholt.de\/index.php?rest_route=\/wp\/v2\/pages"}],"about":[{"href":"https:\/\/www.soziale-gerechtigkeit-bocholt.de\/index.php?rest_route=\/wp\/v2\/types\/page"}],"author":[{"embeddable":true,"href":"https:\/\/www.soziale-gerechtigkeit-bocholt.de\/index.php?rest_route=\/wp\/v2\/users\/1"}],"replies":[{"embeddable":true,"href":"https:\/\/www.soziale-gerechtigkeit-bocholt.de\/index.php?rest_route=%2Fwp%2Fv2%2Fcomments&post=4530"}],"version-history":[{"count":28,"href":"https:\/\/www.soziale-gerechtigkeit-bocholt.de\/index.php?rest_route=\/wp\/v2\/pages\/4530\/revisions"}],"predecessor-version":[{"id":4562,"href":"https:\/\/www.soziale-gerechtigkeit-bocholt.de\/index.php?rest_route=\/wp\/v2\/pages\/4530\/revisions\/4562"}],"wp:attachment":[{"href":"https:\/\/www.soziale-gerechtigkeit-bocholt.de\/index.php?rest_route=%2Fwp%2Fv2%2Fmedia&parent=4530"}],"curies":[{"name":"wp","href":"https:\/\/api.w.org\/{rel}","templated":true}]}}