{"id":4588,"date":"2026-05-12T21:48:39","date_gmt":"2026-05-12T21:48:39","guid":{"rendered":"https:\/\/www.soziale-gerechtigkeit-bocholt.de\/?page_id=4588"},"modified":"2026-05-12T22:50:26","modified_gmt":"2026-05-12T22:50:26","slug":"grundsteuer-erhoehung","status":"publish","type":"page","link":"https:\/\/www.soziale-gerechtigkeit-bocholt.de\/?page_id=4588","title":{"rendered":"Grundsteuer-Erh\u00f6hung"},"content":{"rendered":"<div class=\"fcbkbttn_buttons_block\" id=\"fcbkbttn_left\"><div class=\"fcbkbttn_button\">\n\t\t\t\t\t<a href=\"https:\/\/www.facebook.com\/\" target=\"_blank\">\n\t\t\t\t\t\t<img decoding=\"async\" src=\"https:\/\/www.soziale-gerechtigkeit-bocholt.de\/wp-content\/plugins\/facebook-button-plugin\/images\/standard-facebook-ico.png\" alt=\"Fb-Button\" \/>\n\t\t\t\t\t<\/a>\n\t\t\t\t<\/div><div class=\"fcbkbttn_like \"><fb:like href=\"https:\/\/www.soziale-gerechtigkeit-bocholt.de\/?page_id=4588\" action=\"like\" colorscheme=\"light\" layout=\"standard\"  width=\"225px\" size=\"small\"><\/fb:like><\/div><\/div>\n<p><strong>JETZT UNTERSCHREIBEN:<\/strong><\/p>\n\n\n\n<p><strong><strong>Wohnen und Eigentum sch\u00fctzen &#8211; Grundsteuer-Erh\u00f6hung stoppen<\/strong>!<\/strong><\/p>\n\n\n<div class=\"wp-block-image\">\n<figure class=\"alignright size-large is-resized\"><img loading=\"lazy\" decoding=\"async\" width=\"1024\" height=\"555\" src=\"https:\/\/www.soziale-gerechtigkeit-bocholt.de\/wp-content\/uploads\/2026\/05\/IMG_3930-1024x555.jpeg\" alt=\"\" class=\"wp-image-4602\" style=\"aspect-ratio:1.8450946643717727;width:352px;height:auto\" srcset=\"https:\/\/www.soziale-gerechtigkeit-bocholt.de\/wp-content\/uploads\/2026\/05\/IMG_3930-1024x555.jpeg 1024w, https:\/\/www.soziale-gerechtigkeit-bocholt.de\/wp-content\/uploads\/2026\/05\/IMG_3930-300x163.jpeg 300w, https:\/\/www.soziale-gerechtigkeit-bocholt.de\/wp-content\/uploads\/2026\/05\/IMG_3930-768x417.jpeg 768w, https:\/\/www.soziale-gerechtigkeit-bocholt.de\/wp-content\/uploads\/2026\/05\/IMG_3930-1536x833.jpeg 1536w, https:\/\/www.soziale-gerechtigkeit-bocholt.de\/wp-content\/uploads\/2026\/05\/IMG_3930.jpeg 1687w\" sizes=\"auto, (max-width: 1024px) 100vw, 1024px\" \/><figcaption class=\"wp-element-caption\">Unterschriftenstand in der Bocholter Innenstadt.<\/figcaption><\/figure>\n<\/div>\n\n\n<p>Die geplante Anpassung der Grundsteuer B in Bocholt f\u00fchrt zu einer st\u00e4rkeren Belastung von Wohnimmobilien. Wir setzen uns f\u00fcr eine faire und sozial ausgewogene L\u00f6sung ein.<\/p>\n\n\n\n<p><strong>Worum geht es?<\/strong><a href=\"https:\/\/www.soziale-gerechtigkeit-bocholt.de\/?attachment_id=4559\"><\/a><\/p>\n\n\n\n<p>Der Rat der Stadt Bocholt plant eine neue Grundsteuer B mit einem Hebesatz von ca. 750 v.H.<br>Dabei werden Wohnimmobilien st\u00e4rker belastet, w\u00e4hrend Gewerbe entlastet wird.<\/p>\n\n\n\n<p>Die Grundsteuer betrifft Eigent\u00fcmer direkt und wird in vielen F\u00e4llen auf Mieter umgelegt.<\/p>\n\n\n\n<p><strong>Wir fordern:<\/strong><\/p>\n\n\n\n<ul class=\"wp-block-list\">\n<li>Keine Entscheidung unter ungekl\u00e4rter Rechtslage<\/li>\n\n\n\n<li>Ber\u00fccksichtigung der sozialen Auswirkungen<\/li>\n\n\n\n<li>Eine faire und ausgewogene L\u00f6sung f\u00fcr alle B\u00fcrgerinnen und B\u00fcrger<\/li>\n<\/ul>\n\n\n\n<p>Hier kann die Unterschriftenliste eingesehen werden:<\/p>\n\n\n\n<p><a href=\"https:\/\/www.soziale-gerechtigkeit-bocholt.de\/wp-content\/uploads\/2026\/05\/Unterschriftenliste_Grundsteuer_Bocholt_04052026-1.pdf\">https:\/\/www.soziale-gerechtigkeit-bocholt.de\/wp-content\/uploads\/2026\/05\/Unterschriftenliste_Grundsteuer_Bocholt_04052026-1.pdf<\/a><\/p>\n\n\n\n<p>Die gesammelten Unterschriften werden vor Beginn der Ratssitzung am 10. Juni 2026 an den B\u00fcrgermeister und den Rat der Stadt Bocholt \u00fcbergeben.<\/p>\n\n\n\n<p>\u201eSign now\u201c bedeutet: Jetzt unterschreiben!<\/p>\n\n\n\n<p>\n\t<!-- SpeakOut! Email Petitions 4.6.5.1 :  -->\n\t\t<div id=\"dk-speakout-windowshade\"><\/div>\n\t<div class=\"dk-speakout-petition-wrap dk-speakout-petition-id-2\" id=\"dk-speakout-petition-2\" >\n\t\t<h3>Wohnen und Eigentum sch\u00fctzen - Grundsteuer-Erh\u00f6hung stoppen!<\/h3>\n\n\t\t\t\t\t<a id=\"dk-speakout-readme-2\" class=\"dk-speakout-readme\" rel=\"2\" style=\"display: none;\"><span>Read the petition<\/span><\/a>\n\t\t\n\t\t<div id=\"dk-speakout-form-wrap\">\n\t\t\t<form class=\"dk-speakout-petition\">\n\t\t\t\t<input type=\"hidden\" id=\"security\" name=\"security\" value=\"4f418254e4\" \/><input type=\"hidden\" name=\"_wp_http_referer\" value=\"\/index.php?rest_route=%2Fwp%2Fv2%2Fpages%2F4588\" \/>\t\t\t\t<input type=\"hidden\" id=\"dk-speakout-posttitle-2\" value=\"Wohnen und Eigentum sch\u00fctzen - Grundsteuer-Erh\u00f6hung stoppen!\" \/>\n\t\t\t\t<input type=\"hidden\" id=\"dk-speakout-tweet-2\" value=\"\" \/>\n\t\t\t\t<input type=\"hidden\" id=\"dk-speakout-lang-2\" value=\"\" \/>\n\t\t\t\t<input type=\"hidden\" id=\"dk-speakout-textval-2\" value=\"val\" \/>\n\t\t\t\t<input type=\"hidden\" id=\"dk-speakout-petition-fade-2\" value=\"false\" \/>\n\t\t\t\t<input type=\"hidden\" id=\"dk-speakout-requires_confirmation-2\" value=\"0\" \/>\n\t\t\t\t<input type=\"hidden\" id=\"dk-speakout-hide-email-field-2\" value=\"1\" \/>\n\n\t\t\t\t\n\t\t\t\t\t\t\t\t\n\t\t\t\t\n\t\t\t\t<div class=\"dk-speakout-full\">\n\t\t\t\t\t<input autocomplete=\"given-name\" name=\"dk-speakout-first-name\" id=\"dk-speakout-first-name-2\" type=\"text\" placeholder=\"Vorname\" required=\"required\"  \/>\n\t\t\t\t<\/div>\n\t\t\t\t\n\t\t\t\t<div class=\"dk-speakout-full\">\n\t\t\t\t\t<input autocomplete=\"family-name\" name=\"dk-speakout-last-name\" id=\"dk-speakout-last-name-2\" type=\"text\" placeholder=\"Nachname\" required=\"required\"  \/>\n\t\t\t\t<\/div>\n\n\t\t\t\t\n\t\t\t\t\n\t\t\t\t\t\t\t\t\t<div class=\"dk-speakout-full\">\n\t\t\t\t\t\t<input  autocomplete=\"address-line1\" name=\"dk-speakout-street\" id=\"dk-speakout-street-2\" maxlength=\"200\" type=\"text\"  placeholder=\"Stra\u00dfe\"  required='required'  \/>\n\t\t\t\t\t<\/div>\n\t\t\t\t\t\t\t\t<div>\n\n\t\t\t\t\t\t\t\t\t<div class=\"dk-speakout-half\">\n\t\t\t\t\t\t<input  autocomplete=\"postal-code\" name=\"dk-speakout-postcode\" id=\"dk-speakout-postcode-2\" maxlength=\"200\" type=\"text\"  placeholder=\"Postleitzahl\"  required=\"required\" \/>\n\t\t\t\t\t<\/div>\n\t\t\t\t\n\t\t\t\t\t\t\t\t\t<div class=\"dk-speakout-half\">\n\t\t\t\t\t\t<input  autocomplete=\"address-level2\" name=\"dk-speakout-city\" id=\"dk-speakout-city-2\" maxlength=\"200\" type=\"text\" placeholder=\"Stadt\"  required=\"required\"  \/>\n\t\t\t\t\t<\/div>\n\t\t\t\t\n\t\t\t\t\n\t\t\t\t\n\t\t\t\t\n\t\t\t\t\n\t\t\t\t<\/div>\n\n\t\t\t\t\t\t\t\t\t<div class=\"dk-speakout-full dk-speakout-message\"  id=\"dk-speakout-message-2\">\n\t\t\t\t\t\t<p class=\"dk-speakout-greeting\">Rettet die Bocholter Linden!<\/p>\n\t\t\t\t\t\t<p>Test<\/p>\t\t\t\t\t\t\n\t\t\t\t\t\t\t\t\t\t\t\t\t<br><br>Bitte weitersagen, damit viele Unterschriften zusammenkommen! Eine Initiative der W\u00e4hlergemeinschaft Soziale Liste Bocholt\t\t\t\t\t\t\t\t\t\t\t<\/div>\n\t\t\t\t\n\t\t\t\t\n\t\t\t\t\n\t\t\t\t\n\t\t\t\t\n\t\t\t\t\n\t\t\t\t\n\t\t\t\t<div class=\"dk-speakout-submit-wrap\">\n\t\t\t\t\t<div id=\"dk-speakout-ajaxloader-2\" class=\"dk-speakout-ajaxloader\" style=\"visibility: hidden;\">&nbsp;<\/div>\n\t\t\t\t\t<button name=\"2\" class=\"dk-speakout-submit\">Sign Now<\/button>\n\t\t\t\t<\/div>\n\t\t\t<\/form>\n\t\t<\/div>\n\t\t<div class=\"dk-speakout-response\"><\/div>\n\n\t\t\n\t\t\t<\/div>\n\n &#8211; Petition anzeigen<br><span class='signatureCount'>20<\/span> &#8211; Anzahl an Unterschriften anzeigen<\/p>\n\n\n\n<p>Bitte teilen Sie die Unterschriftenliste mit Freunden und Bekannten.<\/p>\n","protected":false},"excerpt":{"rendered":"<p>JETZT UNTERSCHREIBEN: Wohnen und Eigentum sch&uuml;tzen &ndash; Grundsteuer-Erh&ouml;hung stoppen! Die geplante Anpassung der Grundsteuer B in Bocholt f&uuml;hrt zu einer st&auml;rkeren Belastung von Wohnimmobilien. Wir setzen uns f&uuml;r eine faire und sozial ausgewogene L&ouml;sung ein. Worum geht es? Der Rat &hellip; <a href=\"https:\/\/www.soziale-gerechtigkeit-bocholt.de\/?page_id=4588\">Weiterlesen <span class=\"meta-nav\">&rarr;<\/span><\/a><\/p>\n","protected":false},"author":1,"featured_media":0,"parent":0,"menu_order":0,"comment_status":"closed","ping_status":"closed","template":"","meta":{"_pdfdraft_pdf_template_id":0,"_pdfdraft_pdf_button_visibility":"global","footnotes":""},"class_list":["post-4588","page","type-page","status-publish","hentry"],"yoast_head":"<!-- This site is optimized with the Yoast SEO plugin v27.6 - https:\/\/yoast.com\/product\/yoast-seo-wordpress\/ -->\n<title>Grundsteuer-Erh\u00f6hung - Soziale Liste Bocholt<\/title>\n<meta name=\"robots\" content=\"index, follow, max-snippet:-1, max-image-preview:large, max-video-preview:-1\" \/>\n<link rel=\"canonical\" href=\"https:\/\/www.soziale-gerechtigkeit-bocholt.de\/?page_id=4588\" \/>\n<meta property=\"og:locale\" content=\"de_DE\" \/>\n<meta property=\"og:type\" content=\"article\" \/>\n<meta property=\"og:title\" content=\"Grundsteuer-Erh\u00f6hung - Soziale Liste Bocholt\" \/>\n<meta property=\"og:description\" content=\"JETZT UNTERSCHREIBEN: Wohnen und Eigentum sch&uuml;tzen &ndash; Grundsteuer-Erh&ouml;hung stoppen! Die geplante Anpassung der Grundsteuer B in Bocholt f&uuml;hrt zu einer st&auml;rkeren Belastung von Wohnimmobilien. Wir setzen uns f&uuml;r eine faire und sozial ausgewogene L&ouml;sung ein. Worum geht es? Der Rat &hellip; Weiterlesen &rarr;\" \/>\n<meta property=\"og:url\" content=\"https:\/\/www.soziale-gerechtigkeit-bocholt.de\/?page_id=4588\" \/>\n<meta property=\"og:site_name\" content=\"Soziale Liste Bocholt\" \/>\n<meta property=\"article:publisher\" content=\"https:\/\/www.facebook.com\/SozialeListeBocholt\/\" \/>\n<meta property=\"article:modified_time\" content=\"2026-05-12T22:50:26+00:00\" \/>\n<meta property=\"og:image\" content=\"https:\/\/www.soziale-gerechtigkeit-bocholt.de\/wp-content\/uploads\/2026\/05\/IMG_3930.jpeg\" \/>\n\t<meta property=\"og:image:width\" content=\"1687\" \/>\n\t<meta property=\"og:image:height\" content=\"915\" \/>\n\t<meta property=\"og:image:type\" content=\"image\/jpeg\" \/>\n<meta name=\"twitter:card\" content=\"summary_large_image\" \/>\n<meta name=\"twitter:label1\" content=\"Gesch\u00e4tzte Lesezeit\" \/>\n\t<meta name=\"twitter:data1\" content=\"2\u00a0Minuten\" \/>\n<script type=\"application\/ld+json\" class=\"yoast-schema-graph\">{\"@context\":\"https:\\\/\\\/schema.org\",\"@graph\":[{\"@type\":\"WebPage\",\"@id\":\"https:\\\/\\\/www.soziale-gerechtigkeit-bocholt.de\\\/?page_id=4588\",\"url\":\"https:\\\/\\\/www.soziale-gerechtigkeit-bocholt.de\\\/?page_id=4588\",\"name\":\"Grundsteuer-Erh\u00f6hung - Soziale Liste Bocholt\",\"isPartOf\":{\"@id\":\"https:\\\/\\\/www.soziale-gerechtigkeit-bocholt.de\\\/#website\"},\"primaryImageOfPage\":{\"@id\":\"https:\\\/\\\/www.soziale-gerechtigkeit-bocholt.de\\\/?page_id=4588#primaryimage\"},\"image\":{\"@id\":\"https:\\\/\\\/www.soziale-gerechtigkeit-bocholt.de\\\/?page_id=4588#primaryimage\"},\"thumbnailUrl\":\"https:\\\/\\\/www.soziale-gerechtigkeit-bocholt.de\\\/wp-content\\\/uploads\\\/2026\\\/05\\\/IMG_3930-1024x555.jpeg\",\"datePublished\":\"2026-05-12T21:48:39+00:00\",\"dateModified\":\"2026-05-12T22:50:26+00:00\",\"breadcrumb\":{\"@id\":\"https:\\\/\\\/www.soziale-gerechtigkeit-bocholt.de\\\/?page_id=4588#breadcrumb\"},\"inLanguage\":\"de\",\"potentialAction\":[{\"@type\":\"ReadAction\",\"target\":[\"https:\\\/\\\/www.soziale-gerechtigkeit-bocholt.de\\\/?page_id=4588\"]}]},{\"@type\":\"ImageObject\",\"inLanguage\":\"de\",\"@id\":\"https:\\\/\\\/www.soziale-gerechtigkeit-bocholt.de\\\/?page_id=4588#primaryimage\",\"url\":\"https:\\\/\\\/www.soziale-gerechtigkeit-bocholt.de\\\/wp-content\\\/uploads\\\/2026\\\/05\\\/IMG_3930.jpeg\",\"contentUrl\":\"https:\\\/\\\/www.soziale-gerechtigkeit-bocholt.de\\\/wp-content\\\/uploads\\\/2026\\\/05\\\/IMG_3930.jpeg\",\"width\":1687,\"height\":915,\"caption\":\"Screenshot\"},{\"@type\":\"BreadcrumbList\",\"@id\":\"https:\\\/\\\/www.soziale-gerechtigkeit-bocholt.de\\\/?page_id=4588#breadcrumb\",\"itemListElement\":[{\"@type\":\"ListItem\",\"position\":1,\"name\":\"Startseite\",\"item\":\"https:\\\/\\\/www.soziale-gerechtigkeit-bocholt.de\\\/\"},{\"@type\":\"ListItem\",\"position\":2,\"name\":\"Grundsteuer-Erh\u00f6hung\"}]},{\"@type\":\"WebSite\",\"@id\":\"https:\\\/\\\/www.soziale-gerechtigkeit-bocholt.de\\\/#website\",\"url\":\"https:\\\/\\\/www.soziale-gerechtigkeit-bocholt.de\\\/\",\"name\":\"Soziale Liste Bocholt\",\"description\":\"Unabh\u00e4ngige W\u00e4hlergemeinschaft\",\"publisher\":{\"@id\":\"https:\\\/\\\/www.soziale-gerechtigkeit-bocholt.de\\\/#organization\"},\"potentialAction\":[{\"@type\":\"SearchAction\",\"target\":{\"@type\":\"EntryPoint\",\"urlTemplate\":\"https:\\\/\\\/www.soziale-gerechtigkeit-bocholt.de\\\/?s={search_term_string}\"},\"query-input\":{\"@type\":\"PropertyValueSpecification\",\"valueRequired\":true,\"valueName\":\"search_term_string\"}}],\"inLanguage\":\"de\"},{\"@type\":\"Organization\",\"@id\":\"https:\\\/\\\/www.soziale-gerechtigkeit-bocholt.de\\\/#organization\",\"name\":\"Soziale Liste Bocholt\",\"url\":\"https:\\\/\\\/www.soziale-gerechtigkeit-bocholt.de\\\/\",\"logo\":{\"@type\":\"ImageObject\",\"inLanguage\":\"de\",\"@id\":\"https:\\\/\\\/www.soziale-gerechtigkeit-bocholt.de\\\/#\\\/schema\\\/logo\\\/image\\\/\",\"url\":\"https:\\\/\\\/www.soziale-gerechtigkeit-bocholt.de\\\/wp-content\\\/uploads\\\/2016\\\/03\\\/Logo_SozialeListeBocholt.jpg\",\"contentUrl\":\"https:\\\/\\\/www.soziale-gerechtigkeit-bocholt.de\\\/wp-content\\\/uploads\\\/2016\\\/03\\\/Logo_SozialeListeBocholt.jpg\",\"width\":1400,\"height\":1168,\"caption\":\"Soziale Liste Bocholt\"},\"image\":{\"@id\":\"https:\\\/\\\/www.soziale-gerechtigkeit-bocholt.de\\\/#\\\/schema\\\/logo\\\/image\\\/\"},\"sameAs\":[\"https:\\\/\\\/www.facebook.com\\\/SozialeListeBocholt\\\/\"]}]}<\/script>\n<!-- \/ Yoast SEO plugin. -->","yoast_head_json":{"title":"Grundsteuer-Erh\u00f6hung - Soziale Liste Bocholt","robots":{"index":"index","follow":"follow","max-snippet":"max-snippet:-1","max-image-preview":"max-image-preview:large","max-video-preview":"max-video-preview:-1"},"canonical":"https:\/\/www.soziale-gerechtigkeit-bocholt.de\/?page_id=4588","og_locale":"de_DE","og_type":"article","og_title":"Grundsteuer-Erh\u00f6hung - Soziale Liste Bocholt","og_description":"JETZT UNTERSCHREIBEN: Wohnen und Eigentum sch&uuml;tzen &ndash; Grundsteuer-Erh&ouml;hung stoppen! Die geplante Anpassung der Grundsteuer B in Bocholt f&uuml;hrt zu einer st&auml;rkeren Belastung von Wohnimmobilien. Wir setzen uns f&uuml;r eine faire und sozial ausgewogene L&ouml;sung ein. Worum geht es? Der Rat &hellip; Weiterlesen &rarr;","og_url":"https:\/\/www.soziale-gerechtigkeit-bocholt.de\/?page_id=4588","og_site_name":"Soziale Liste Bocholt","article_publisher":"https:\/\/www.facebook.com\/SozialeListeBocholt\/","article_modified_time":"2026-05-12T22:50:26+00:00","og_image":[{"width":1687,"height":915,"url":"https:\/\/www.soziale-gerechtigkeit-bocholt.de\/wp-content\/uploads\/2026\/05\/IMG_3930.jpeg","type":"image\/jpeg"}],"twitter_card":"summary_large_image","twitter_misc":{"Gesch\u00e4tzte Lesezeit":"2\u00a0Minuten"},"schema":{"@context":"https:\/\/schema.org","@graph":[{"@type":"WebPage","@id":"https:\/\/www.soziale-gerechtigkeit-bocholt.de\/?page_id=4588","url":"https:\/\/www.soziale-gerechtigkeit-bocholt.de\/?page_id=4588","name":"Grundsteuer-Erh\u00f6hung - Soziale Liste Bocholt","isPartOf":{"@id":"https:\/\/www.soziale-gerechtigkeit-bocholt.de\/#website"},"primaryImageOfPage":{"@id":"https:\/\/www.soziale-gerechtigkeit-bocholt.de\/?page_id=4588#primaryimage"},"image":{"@id":"https:\/\/www.soziale-gerechtigkeit-bocholt.de\/?page_id=4588#primaryimage"},"thumbnailUrl":"https:\/\/www.soziale-gerechtigkeit-bocholt.de\/wp-content\/uploads\/2026\/05\/IMG_3930-1024x555.jpeg","datePublished":"2026-05-12T21:48:39+00:00","dateModified":"2026-05-12T22:50:26+00:00","breadcrumb":{"@id":"https:\/\/www.soziale-gerechtigkeit-bocholt.de\/?page_id=4588#breadcrumb"},"inLanguage":"de","potentialAction":[{"@type":"ReadAction","target":["https:\/\/www.soziale-gerechtigkeit-bocholt.de\/?page_id=4588"]}]},{"@type":"ImageObject","inLanguage":"de","@id":"https:\/\/www.soziale-gerechtigkeit-bocholt.de\/?page_id=4588#primaryimage","url":"https:\/\/www.soziale-gerechtigkeit-bocholt.de\/wp-content\/uploads\/2026\/05\/IMG_3930.jpeg","contentUrl":"https:\/\/www.soziale-gerechtigkeit-bocholt.de\/wp-content\/uploads\/2026\/05\/IMG_3930.jpeg","width":1687,"height":915,"caption":"Screenshot"},{"@type":"BreadcrumbList","@id":"https:\/\/www.soziale-gerechtigkeit-bocholt.de\/?page_id=4588#breadcrumb","itemListElement":[{"@type":"ListItem","position":1,"name":"Startseite","item":"https:\/\/www.soziale-gerechtigkeit-bocholt.de\/"},{"@type":"ListItem","position":2,"name":"Grundsteuer-Erh\u00f6hung"}]},{"@type":"WebSite","@id":"https:\/\/www.soziale-gerechtigkeit-bocholt.de\/#website","url":"https:\/\/www.soziale-gerechtigkeit-bocholt.de\/","name":"Soziale Liste Bocholt","description":"Unabh\u00e4ngige W\u00e4hlergemeinschaft","publisher":{"@id":"https:\/\/www.soziale-gerechtigkeit-bocholt.de\/#organization"},"potentialAction":[{"@type":"SearchAction","target":{"@type":"EntryPoint","urlTemplate":"https:\/\/www.soziale-gerechtigkeit-bocholt.de\/?s={search_term_string}"},"query-input":{"@type":"PropertyValueSpecification","valueRequired":true,"valueName":"search_term_string"}}],"inLanguage":"de"},{"@type":"Organization","@id":"https:\/\/www.soziale-gerechtigkeit-bocholt.de\/#organization","name":"Soziale Liste Bocholt","url":"https:\/\/www.soziale-gerechtigkeit-bocholt.de\/","logo":{"@type":"ImageObject","inLanguage":"de","@id":"https:\/\/www.soziale-gerechtigkeit-bocholt.de\/#\/schema\/logo\/image\/","url":"https:\/\/www.soziale-gerechtigkeit-bocholt.de\/wp-content\/uploads\/2016\/03\/Logo_SozialeListeBocholt.jpg","contentUrl":"https:\/\/www.soziale-gerechtigkeit-bocholt.de\/wp-content\/uploads\/2016\/03\/Logo_SozialeListeBocholt.jpg","width":1400,"height":1168,"caption":"Soziale Liste Bocholt"},"image":{"@id":"https:\/\/www.soziale-gerechtigkeit-bocholt.de\/#\/schema\/logo\/image\/"},"sameAs":["https:\/\/www.facebook.com\/SozialeListeBocholt\/"]}]}},"_links":{"self":[{"href":"https:\/\/www.soziale-gerechtigkeit-bocholt.de\/index.php?rest_route=\/wp\/v2\/pages\/4588","targetHints":{"allow":["GET"]}}],"collection":[{"href":"https:\/\/www.soziale-gerechtigkeit-bocholt.de\/index.php?rest_route=\/wp\/v2\/pages"}],"about":[{"href":"https:\/\/www.soziale-gerechtigkeit-bocholt.de\/index.php?rest_route=\/wp\/v2\/types\/page"}],"author":[{"embeddable":true,"href":"https:\/\/www.soziale-gerechtigkeit-bocholt.de\/index.php?rest_route=\/wp\/v2\/users\/1"}],"replies":[{"embeddable":true,"href":"https:\/\/www.soziale-gerechtigkeit-bocholt.de\/index.php?rest_route=%2Fwp%2Fv2%2Fcomments&post=4588"}],"version-history":[{"count":16,"href":"https:\/\/www.soziale-gerechtigkeit-bocholt.de\/index.php?rest_route=\/wp\/v2\/pages\/4588\/revisions"}],"predecessor-version":[{"id":4618,"href":"https:\/\/www.soziale-gerechtigkeit-bocholt.de\/index.php?rest_route=\/wp\/v2\/pages\/4588\/revisions\/4618"}],"wp:attachment":[{"href":"https:\/\/www.soziale-gerechtigkeit-bocholt.de\/index.php?rest_route=%2Fwp%2Fv2%2Fmedia&parent=4588"}],"curies":[{"name":"wp","href":"https:\/\/api.w.org\/{rel}","templated":true}]}}